{"id":248,"date":"2024-12-12T13:52:08","date_gmt":"2024-12-12T19:52:08","guid":{"rendered":"https:\/\/acfd.ca\/a-propos-de\/faq\/"},"modified":"2025-01-17T11:51:07","modified_gmt":"2025-01-17T17:51:07","slug":"qfp","status":"publish","type":"page","link":"https:\/\/acfd.ca\/fr\/a-propos-de\/qfp\/","title":{"rendered":"QFP"},"content":{"rendered":"[vc_row type=&#8221;in_container&#8221; full_screen_row_position=&#8221;middle&#8221; column_margin=&#8221;default&#8221; column_direction=&#8221;default&#8221; column_direction_tablet=&#8221;default&#8221; column_direction_phone=&#8221;default&#8221; scene_position=&#8221;center&#8221; top_padding=&#8221;0&#8243; bottom_padding=&#8221;0&#8243; top_padding_tablet=&#8221;0&#8243; bottom_padding_tablet=&#8221;0&#8243; top_padding_phone=&#8221;0&#8243; bottom_padding_phone=&#8221;0&#8243; top_margin=&#8221;0&#8243; bottom_margin=&#8221;0&#8243; top_margin_tablet=&#8221;0&#8243; bottom_margin_tablet=&#8221;0&#8243; top_margin_phone=&#8221;0&#8243; bottom_margin_phone=&#8221;0&#8243; text_color=&#8221;dark&#8221; text_align=&#8221;left&#8221; row_border_radius=&#8221;none&#8221; row_border_radius_applies=&#8221;bg&#8221; overflow=&#8221;visible&#8221; overlay_strength=&#8221;0.3&#8243; gradient_direction=&#8221;left_to_right&#8221; shape_divider_position=&#8221;bottom&#8221; bg_image_animation=&#8221;none&#8221; gradient_type=&#8221;default&#8221; shape_type=&#8221;&#8221;][vc_column column_padding=&#8221;no-extra-padding&#8221; column_padding_tablet=&#8221;inherit&#8221; column_padding_phone=&#8221;inherit&#8221; column_padding_position=&#8221;all&#8221; top_margin=&#8221;0&#8243; bottom_margin=&#8221;0&#8243; left_margin=&#8221;0&#8243; right_margin=&#8221;0&#8243; top_margin_tablet=&#8221;0&#8243; bottom_margin_tablet=&#8221;0&#8243; left_margin_tablet=&#8221;0&#8243; right_margin_tablet=&#8221;0&#8243; top_margin_phone=&#8221;0&#8243; bottom_margin_phone=&#8221;0&#8243; left_margin_phone=&#8221;0&#8243; right_margin_phone=&#8221;0&#8243; column_element_direction_desktop=&#8221;default&#8221; column_element_spacing=&#8221;0px&#8221; desktop_text_alignment=&#8221;default&#8221; tablet_text_alignment=&#8221;default&#8221; phone_text_alignment=&#8221;default&#8221; background_color_opacity=&#8221;1&#8243; background_hover_color_opacity=&#8221;1&#8243; column_backdrop_filter=&#8221;none&#8221; column_shadow=&#8221;none&#8221; column_border_radius=&#8221;none&#8221; column_link_target=&#8221;_self&#8221; column_position=&#8221;default&#8221; gradient_direction=&#8221;left_to_right&#8221; overlay_strength=&#8221;0.3&#8243; width=&#8221;1\/1&#8243; tablet_width_inherit=&#8221;default&#8221; animation_type=&#8221;default&#8221; bg_image_animation=&#8221;none&#8221; border_type=&#8221;simple&#8221; column_border_width=&#8221;none&#8221; column_border_style=&#8221;solid&#8221; column_padding_type=&#8221;default&#8221; gradient_type=&#8221;default&#8221;][image_with_animation image_url=&#8221;40&#8243; image_size=&#8221;full&#8221; animation_type=&#8221;entrance&#8221; animation=&#8221;None&#8221; animation_movement_type=&#8221;transform_y&#8221; hover_animation=&#8221;none&#8221; constrain_group_3=&#8221;yes&#8221; constrain_group_4=&#8221;yes&#8221; constrain_group_5=&#8221;yes&#8221; constrain_group_6=&#8221;yes&#8221; alignment=&#8221;center&#8221; border_radius=&#8221;none&#8221; box_shadow=&#8221;none&#8221; image_loading=&#8221;default&#8221; max_width=&#8221;100%&#8221; max_width_mobile=&#8221;default&#8221; margin_top=&#8221;0&#8243; margin_bottom=&#8221;0&#8243; margin_left=&#8221;0&#8243; margin_right=&#8221;0&#8243; margin_top_tablet=&#8221;0&#8243; margin_bottom_tablet=&#8221;0&#8243; margin_left_tablet=&#8221;0&#8243; margin_right_tablet=&#8221;0&#8243; margin_top_phone=&#8221;0&#8243; margin_bottom_phone=&#8221;0&#8243; margin_left_phone=&#8221;0&#8243;][vc_row_inner equal_height=&#8221;yes&#8221; content_placement=&#8221;middle&#8221; column_margin=&#8221;none&#8221; column_direction=&#8221;default&#8221; column_direction_tablet=&#8221;default&#8221; column_direction_phone=&#8221;default&#8221; top_padding=&#8221;0&#8243; bottom_padding=&#8221;0&#8243; left_padding_desktop=&#8221;0&#8243; right_padding_desktop=&#8221;0&#8243; top_padding_tablet=&#8221;0&#8243; bottom_padding_tablet=&#8221;0&#8243; left_padding_tablet=&#8221;0&#8243; right_padding_tablet=&#8221;0&#8243; top_padding_phone=&#8221;0&#8243; bottom_padding_phone=&#8221;0&#8243; left_padding_phone=&#8221;0&#8243; right_padding_phone=&#8221;0&#8243; text_align=&#8221;left&#8221; row_position=&#8221;default&#8221; row_position_tablet=&#8221;inherit&#8221; row_position_phone=&#8221;inherit&#8221; overflow=&#8221;visible&#8221; pointer_events=&#8221;all&#8221; css=&#8221;.vc_custom_1734131813253{background-color: #d5292f !important;}&#8221;][vc_column_inner top_padding_desktop=&#8221;0&#8243; bottom_padding_desktop=&#8221;0&#8243; left_padding_desktop=&#8221;90px&#8221; right_padding_desktop=&#8221;0&#8243; top_padding_tablet=&#8221;0&#8243; bottom_padding_tablet=&#8221;0&#8243; left_padding_tablet=&#8221;90px&#8221; right_padding_tablet=&#8221;90px&#8221; top_padding_phone=&#8221;0&#8243; bottom_padding_phone=&#8221;0&#8243; left_padding_phone=&#8221;30px&#8221; constrain_group_105=&#8221;yes&#8221; right_padding_phone=&#8221;30px&#8221; top_margin=&#8221;0&#8243; bottom_margin=&#8221;0&#8243; left_margin=&#8221;0&#8243; right_margin=&#8221;0&#8243; column_element_direction_desktop=&#8221;default&#8221; column_element_spacing=&#8221;default&#8221; desktop_text_alignment=&#8221;default&#8221; tablet_text_alignment=&#8221;default&#8221; phone_text_alignment=&#8221;default&#8221; background_color_opacity=&#8221;1&#8243; background_hover_color_opacity=&#8221;1&#8243; column_backdrop_filter=&#8221;none&#8221; font_color=&#8221;#ffffff&#8221; column_shadow=&#8221;none&#8221; column_border_radius=&#8221;none&#8221; column_link_target=&#8221;_self&#8221; overflow=&#8221;visible&#8221; gradient_direction=&#8221;left_to_right&#8221; overlay_strength=&#8221;0.3&#8243; width=&#8221;1\/1&#8243; tablet_width_inherit=&#8221;default&#8221; animation_type=&#8221;default&#8221; bg_image_animation=&#8221;none&#8221; border_type=&#8221;simple&#8221; column_border_width=&#8221;none&#8221; column_border_style=&#8221;solid&#8221; column_padding_type=&#8221;advanced&#8221; gradient_type=&#8221;default&#8221;][vc_column_text css=&#8221;&#8221; el_class=&#8221;acfd-page-title&#8221; text_direction=&#8221;default&#8221;]A propos de<\/p>\n<h4>Questions fr\u00e9quemment pos\u00e9es<\/h4>\n[\/vc_column_text][\/vc_column_inner][\/vc_row_inner][image_with_animation image_url=&#8221;39&#8243; image_size=&#8221;full&#8221; animation_type=&#8221;entrance&#8221; animation=&#8221;None&#8221; animation_movement_type=&#8221;transform_y&#8221; hover_animation=&#8221;none&#8221; alignment=&#8221;center&#8221; border_radius=&#8221;none&#8221; box_shadow=&#8221;none&#8221; image_loading=&#8221;default&#8221; max_width=&#8221;100%&#8221; max_width_mobile=&#8221;default&#8221; margin_top=&#8221;0&#8243; margin_bottom=&#8221;0&#8243; margin_left=&#8221;0&#8243; margin_right=&#8221;0&#8243;][\/vc_column][\/vc_row][vc_row type=&#8221;in_container&#8221; full_screen_row_position=&#8221;middle&#8221; column_margin=&#8221;default&#8221; column_direction=&#8221;default&#8221; column_direction_tablet=&#8221;default&#8221; column_direction_phone=&#8221;default&#8221; scene_position=&#8221;center&#8221; text_color=&#8221;dark&#8221; text_align=&#8221;left&#8221; row_border_radius=&#8221;none&#8221; row_border_radius_applies=&#8221;bg&#8221; overflow=&#8221;visible&#8221; class=&#8221;acfd-main-content&#8221; overlay_strength=&#8221;0.3&#8243; gradient_direction=&#8221;left_to_right&#8221; shape_divider_position=&#8221;bottom&#8221; bg_image_animation=&#8221;none&#8221; gradient_type=&#8221;default&#8221; shape_type=&#8221;&#8221;][vc_column column_padding=&#8221;no-extra-padding&#8221; column_padding_tablet=&#8221;inherit&#8221; column_padding_phone=&#8221;inherit&#8221; column_padding_position=&#8221;all&#8221; top_margin=&#8221;0&#8243; bottom_margin=&#8221;0&#8243; top_margin_tablet=&#8221;0&#8243; bottom_margin_tablet=&#8221;0&#8243; top_margin_phone=&#8221;0&#8243; bottom_margin_phone=&#8221;0&#8243; column_element_direction_desktop=&#8221;default&#8221; column_element_spacing=&#8221;default&#8221; desktop_text_alignment=&#8221;default&#8221; tablet_text_alignment=&#8221;default&#8221; phone_text_alignment=&#8221;default&#8221; background_color_opacity=&#8221;1&#8243; background_hover_color_opacity=&#8221;1&#8243; column_backdrop_filter=&#8221;none&#8221; column_shadow=&#8221;none&#8221; column_border_radius=&#8221;none&#8221; column_link_target=&#8221;_self&#8221; column_position=&#8221;default&#8221; gradient_direction=&#8221;left_to_right&#8221; overlay_strength=&#8221;0.3&#8243; width=&#8221;1\/1&#8243; tablet_width_inherit=&#8221;default&#8221; animation_type=&#8221;default&#8221; bg_image_animation=&#8221;none&#8221; border_type=&#8221;simple&#8221; column_border_width=&#8221;none&#8221; column_border_style=&#8221;solid&#8221; column_padding_type=&#8221;default&#8221; gradient_type=&#8221;default&#8221;][vc_column_text css=&#8221;&#8221; text_direction=&#8221;default&#8221; max_width=&#8221;1100&#8243;]\n<h1>Questions fr\u00e9quemment pos\u00e9es<\/h1>\n<h2>Si vous avez des questions suppl\u00e9mentaires non couvertes ici, veuillez nous contacter.<\/h2>\n[\/vc_column_text][divider line_type=&#8221;No Line&#8221; custom_height=&#8221;30px&#8221;][toggles style=&#8221;minimal&#8221;][toggle color=&#8221;Accent-Color&#8221; heading_tag=&#8221;h4&#8243; heading_tag_functionality=&#8221;change_html_tag&#8221; title=&#8221;Comment devenir dentiste agr\u00e9\u00e9 au Canada ?&#8221;][vc_column_text css=&#8221;&#8221; text_direction=&#8221;default&#8221;]Consultez le site web du <a href=\"https:\/\/ndeb-bned.ca\/how-to-become-a-dentist-in-canada\/\" target=\"_blank\" rel=\"noopener\">Bureau national d&#8217;examen dentaire<\/a> pour obtenir des informations sp\u00e9cifiques sur les dipl\u00f4m\u00e9s des universit\u00e9s accr\u00e9dit\u00e9es et non accr\u00e9dit\u00e9es.[\/vc_column_text][\/toggle][toggle color=&#8221;Accent-Color&#8221; heading_tag=&#8221;h4&#8243; heading_tag_functionality=&#8221;change_html_tag&#8221; title=&#8221;Comment devenir dentiste sp\u00e9cialiste au Canada ?&#8221;][vc_column_text css=&#8221;&#8221; text_direction=&#8221;default&#8221;]Vous trouverez des informations d\u00e9taill\u00e9es sur le site du <a href=\"https:\/\/ndeb-bned.ca\/how-to-become-a-dentist-in-canada\/\" target=\"_blank\" rel=\"noopener\">Bureau national d&#8217;examen dentaire<\/a>.[\/vc_column_text][\/toggle][toggle color=&#8221;Accent-Color&#8221; heading_tag=&#8221;h4&#8243; heading_tag_functionality=&#8221;change_html_tag&#8221; title=&#8221;Quelles sont les derni\u00e8res nouvelles en mati\u00e8re de dentisterie ?&#8221;][vc_column_text css=&#8221;&#8221; text_direction=&#8221;default&#8221;]Pour en savoir plus sur ce qui se passe au Canada, visitez le site web de l&#8217;<a href=\"http:\/\/www.cda-adc.ca\/en\/about\/media_room\/index.asp\" target=\"_blank\" rel=\"noopener\">Association dentaire canadienne.<\/a>[\/vc_column_text][\/toggle][toggle color=&#8221;Accent-Color&#8221; heading_tag=&#8221;h4&#8243; heading_tag_functionality=&#8221;change_html_tag&#8221; title=&#8221;O\u00f9 se trouvent les \u00e9coles dentaires du Canada ?&#8221;][vc_column_text css=&#8221;&#8221; text_direction=&#8221;default&#8221;]Go to the Dental Profession section of the Canadian Dental Association website or contact one of the <a href=\"\/?page_id=87\">10 dental schools<\/a> across Canada.[\/vc_column_text][\/toggle][\/toggles][\/vc_column][\/vc_row]\n","protected":false},"excerpt":{"rendered":"<p>[vc_row type=&#8221;in_container&#8221; full_screen_row_position=&#8221;middle&#8221; column_margin=&#8221;default&#8221; column_direction=&#8221;default&#8221; column_direction_tablet=&#8221;default&#8221; column_direction_phone=&#8221;default&#8221; scene_position=&#8221;center&#8221; top_padding=&#8221;0&#8243; bottom_padding=&#8221;0&#8243; top_padding_tablet=&#8221;0&#8243; bottom_padding_tablet=&#8221;0&#8243; top_padding_phone=&#8221;0&#8243; bottom_padding_phone=&#8221;0&#8243; top_margin=&#8221;0&#8243; bottom_margin=&#8221;0&#8243; top_margin_tablet=&#8221;0&#8243; bottom_margin_tablet=&#8221;0&#8243; top_margin_phone=&#8221;0&#8243; bottom_margin_phone=&#8221;0&#8243; text_color=&#8221;dark&#8221; text_align=&#8221;left&#8221; row_border_radius=&#8221;none&#8221; row_border_radius_applies=&#8221;bg&#8221; overflow=&#8221;visible&#8221; overlay_strength=&#8221;0.3&#8243; gradient_direction=&#8221;left_to_right&#8221; shape_divider_position=&#8221;bottom&#8221; bg_image_animation=&#8221;none&#8221; gradient_type=&#8221;default&#8221; shape_type=&#8221;&#8221;][vc_column column_padding=&#8221;no-extra-padding&#8221; column_padding_tablet=&#8221;inherit&#8221; column_padding_phone=&#8221;inherit&#8221; column_padding_position=&#8221;all&#8221; top_margin=&#8221;0&#8243; bottom_margin=&#8221;0&#8243; left_margin=&#8221;0&#8243; right_margin=&#8221;0&#8243; top_margin_tablet=&#8221;0&#8243; bottom_margin_tablet=&#8221;0&#8243; left_margin_tablet=&#8221;0&#8243; right_margin_tablet=&#8221;0&#8243; top_margin_phone=&#8221;0&#8243; bottom_margin_phone=&#8221;0&#8243; left_margin_phone=&#8221;0&#8243; right_margin_phone=&#8221;0&#8243; column_element_direction_desktop=&#8221;default&#8221; column_element_spacing=&#8221;0px&#8221; desktop_text_alignment=&#8221;default&#8221; tablet_text_alignment=&#8221;default&#8221; phone_text_alignment=&#8221;default&#8221; background_color_opacity=&#8221;1&#8243; background_hover_color_opacity=&#8221;1&#8243; column_backdrop_filter=&#8221;none&#8221; column_shadow=&#8221;none&#8221; column_border_radius=&#8221;none&#8221; column_link_target=&#8221;_self&#8221; column_position=&#8221;default&#8221; gradient_direction=&#8221;left_to_right&#8221; overlay_strength=&#8221;0.3&#8243; width=&#8221;1\/1&#8243; tablet_width_inherit=&#8221;default&#8221; animation_type=&#8221;default&#8221; bg_image_animation=&#8221;none&#8221; border_type=&#8221;simple&#8221; column_border_width=&#8221;none&#8221; column_border_style=&#8221;solid&#8221; column_padding_type=&#8221;default&#8221; gradient_type=&#8221;default&#8221;][image_with_animation image_url=&#8221;40&#8243; image_size=&#8221;full&#8221; animation_type=&#8221;entrance&#8221; animation=&#8221;None&#8221; animation_movement_type=&#8221;transform_y&#8221; hover_animation=&#8221;none&#8221; constrain_group_3=&#8221;yes&#8221; constrain_group_4=&#8221;yes&#8221; constrain_group_5=&#8221;yes&#8221; constrain_group_6=&#8221;yes&#8221; alignment=&#8221;center&#8221; border_radius=&#8221;none&#8221; box_shadow=&#8221;none&#8221; image_loading=&#8221;default&#8221; max_width=&#8221;100%&#8221; max_width_mobile=&#8221;default&#8221; margin_top=&#8221;0&#8243; margin_bottom=&#8221;0&#8243; margin_left=&#8221;0&#8243; margin_right=&#8221;0&#8243; margin_top_tablet=&#8221;0&#8243; margin_bottom_tablet=&#8221;0&#8243; margin_left_tablet=&#8221;0&#8243; margin_right_tablet=&#8221;0&#8243; margin_top_phone=&#8221;0&#8243; margin_bottom_phone=&#8221;0&#8243; margin_left_phone=&#8221;0&#8243;][vc_row_inner equal_height=&#8221;yes&#8221; content_placement=&#8221;middle&#8221; column_margin=&#8221;none&#8221;&#8230;<\/p>\n","protected":false},"author":2,"featured_media":0,"parent":246,"menu_order":0,"comment_status":"closed","ping_status":"closed","template":"","meta":{"footnotes":""},"class_list":["post-248","page","type-page","status-publish"],"yoast_head":"<!-- This site is optimized with the Yoast SEO plugin v27.3 - https:\/\/yoast.com\/product\/yoast-seo-wordpress\/ -->\n<title>Questions fr\u00e9quemment pos\u00e9es - l&#039;AFDC<\/title>\n<meta name=\"description\" content=\"R\u00e9ponses aux questions les plus fr\u00e9quentes sur l&#039;AFDC et ses programmes.\" \/>\n<meta name=\"robots\" content=\"index, follow, max-snippet:-1, max-image-preview:large, max-video-preview:-1\" \/>\n<link rel=\"canonical\" href=\"https:\/\/acfd.ca\/fr\/a-propos-de\/qfp\/\" \/>\n<meta property=\"og:locale\" content=\"fr_FR\" \/>\n<meta property=\"og:type\" content=\"article\" \/>\n<meta property=\"og:title\" content=\"Questions fr\u00e9quemment pos\u00e9es - l&#039;AFDC\" \/>\n<meta property=\"og:description\" content=\"R\u00e9ponses aux questions les plus fr\u00e9quentes sur l&#039;AFDC et ses programmes.\" \/>\n<meta property=\"og:url\" content=\"https:\/\/acfd.ca\/fr\/a-propos-de\/qfp\/\" \/>\n<meta property=\"og:site_name\" content=\"ACFD\" \/>\n<meta property=\"article:modified_time\" content=\"2025-01-17T17:51:07+00:00\" \/>\n<meta name=\"twitter:card\" content=\"summary_large_image\" \/>\n<meta name=\"twitter:label1\" content=\"Est. reading time\" \/>\n\t<meta name=\"twitter:data1\" content=\"5 minutes\" \/>\n<script type=\"application\/ld+json\" class=\"yoast-schema-graph\">{\"@context\":\"https:\\\/\\\/schema.org\",\"@graph\":[{\"@type\":\"WebPage\",\"@id\":\"https:\\\/\\\/acfd.ca\\\/fr\\\/a-propos-de\\\/qfp\\\/\",\"url\":\"https:\\\/\\\/acfd.ca\\\/fr\\\/a-propos-de\\\/qfp\\\/\",\"name\":\"Questions fr\u00e9quemment pos\u00e9es - l'AFDC\",\"isPartOf\":{\"@id\":\"https:\\\/\\\/acfd.ca\\\/fr\\\/#website\"},\"datePublished\":\"2024-12-12T19:52:08+00:00\",\"dateModified\":\"2025-01-17T17:51:07+00:00\",\"description\":\"R\u00e9ponses aux questions les plus fr\u00e9quentes sur l'AFDC et ses programmes.\",\"breadcrumb\":{\"@id\":\"https:\\\/\\\/acfd.ca\\\/fr\\\/a-propos-de\\\/qfp\\\/#breadcrumb\"},\"inLanguage\":\"fr-FR\",\"potentialAction\":[{\"@type\":\"ReadAction\",\"target\":[\"https:\\\/\\\/acfd.ca\\\/fr\\\/a-propos-de\\\/qfp\\\/\"]}]},{\"@type\":\"BreadcrumbList\",\"@id\":\"https:\\\/\\\/acfd.ca\\\/fr\\\/a-propos-de\\\/qfp\\\/#breadcrumb\",\"itemListElement\":[{\"@type\":\"ListItem\",\"position\":1,\"name\":\"Home\",\"item\":\"https:\\\/\\\/acfd.ca\\\/fr\\\/accueil\\\/\"},{\"@type\":\"ListItem\",\"position\":2,\"name\":\"A propos de\",\"item\":\"https:\\\/\\\/acfd.ca\\\/fr\\\/a-propos-de\\\/\"},{\"@type\":\"ListItem\",\"position\":3,\"name\":\"QFP\"}]},{\"@type\":\"WebSite\",\"@id\":\"https:\\\/\\\/acfd.ca\\\/fr\\\/#website\",\"url\":\"https:\\\/\\\/acfd.ca\\\/fr\\\/\",\"name\":\"ACFD\",\"description\":\"Association of Canadian Faculties of Dentistry\",\"publisher\":{\"@id\":\"https:\\\/\\\/acfd.ca\\\/fr\\\/#organization\"},\"potentialAction\":[{\"@type\":\"SearchAction\",\"target\":{\"@type\":\"EntryPoint\",\"urlTemplate\":\"https:\\\/\\\/acfd.ca\\\/fr\\\/?s={search_term_string}\"},\"query-input\":{\"@type\":\"PropertyValueSpecification\",\"valueRequired\":true,\"valueName\":\"search_term_string\"}}],\"inLanguage\":\"fr-FR\"},{\"@type\":\"Organization\",\"@id\":\"https:\\\/\\\/acfd.ca\\\/fr\\\/#organization\",\"name\":\"Association of Canadian Faculties of Dentistry\",\"url\":\"https:\\\/\\\/acfd.ca\\\/fr\\\/\",\"logo\":{\"@type\":\"ImageObject\",\"inLanguage\":\"fr-FR\",\"@id\":\"https:\\\/\\\/acfd.ca\\\/fr\\\/#\\\/schema\\\/logo\\\/image\\\/\",\"url\":\"https:\\\/\\\/acfd.ca\\\/wp-content\\\/uploads\\\/ACFD-Logo-E-2x.png\",\"contentUrl\":\"https:\\\/\\\/acfd.ca\\\/wp-content\\\/uploads\\\/ACFD-Logo-E-2x.png\",\"width\":570,\"height\":160,\"caption\":\"Association of Canadian Faculties of Dentistry\"},\"image\":{\"@id\":\"https:\\\/\\\/acfd.ca\\\/fr\\\/#\\\/schema\\\/logo\\\/image\\\/\"}}]}<\/script>\n<!-- \/ Yoast SEO plugin. -->","yoast_head_json":{"title":"Questions fr\u00e9quemment pos\u00e9es - l'AFDC","description":"R\u00e9ponses aux questions les plus fr\u00e9quentes sur l'AFDC et ses programmes.","robots":{"index":"index","follow":"follow","max-snippet":"max-snippet:-1","max-image-preview":"max-image-preview:large","max-video-preview":"max-video-preview:-1"},"canonical":"https:\/\/acfd.ca\/fr\/a-propos-de\/qfp\/","og_locale":"fr_FR","og_type":"article","og_title":"Questions fr\u00e9quemment pos\u00e9es - l'AFDC","og_description":"R\u00e9ponses aux questions les plus fr\u00e9quentes sur l'AFDC et ses programmes.","og_url":"https:\/\/acfd.ca\/fr\/a-propos-de\/qfp\/","og_site_name":"ACFD","article_modified_time":"2025-01-17T17:51:07+00:00","twitter_card":"summary_large_image","twitter_misc":{"Est. reading time":"5 minutes"},"schema":{"@context":"https:\/\/schema.org","@graph":[{"@type":"WebPage","@id":"https:\/\/acfd.ca\/fr\/a-propos-de\/qfp\/","url":"https:\/\/acfd.ca\/fr\/a-propos-de\/qfp\/","name":"Questions fr\u00e9quemment pos\u00e9es - l'AFDC","isPartOf":{"@id":"https:\/\/acfd.ca\/fr\/#website"},"datePublished":"2024-12-12T19:52:08+00:00","dateModified":"2025-01-17T17:51:07+00:00","description":"R\u00e9ponses aux questions les plus fr\u00e9quentes sur l'AFDC et ses programmes.","breadcrumb":{"@id":"https:\/\/acfd.ca\/fr\/a-propos-de\/qfp\/#breadcrumb"},"inLanguage":"fr-FR","potentialAction":[{"@type":"ReadAction","target":["https:\/\/acfd.ca\/fr\/a-propos-de\/qfp\/"]}]},{"@type":"BreadcrumbList","@id":"https:\/\/acfd.ca\/fr\/a-propos-de\/qfp\/#breadcrumb","itemListElement":[{"@type":"ListItem","position":1,"name":"Home","item":"https:\/\/acfd.ca\/fr\/accueil\/"},{"@type":"ListItem","position":2,"name":"A propos de","item":"https:\/\/acfd.ca\/fr\/a-propos-de\/"},{"@type":"ListItem","position":3,"name":"QFP"}]},{"@type":"WebSite","@id":"https:\/\/acfd.ca\/fr\/#website","url":"https:\/\/acfd.ca\/fr\/","name":"ACFD","description":"Association of Canadian Faculties of Dentistry","publisher":{"@id":"https:\/\/acfd.ca\/fr\/#organization"},"potentialAction":[{"@type":"SearchAction","target":{"@type":"EntryPoint","urlTemplate":"https:\/\/acfd.ca\/fr\/?s={search_term_string}"},"query-input":{"@type":"PropertyValueSpecification","valueRequired":true,"valueName":"search_term_string"}}],"inLanguage":"fr-FR"},{"@type":"Organization","@id":"https:\/\/acfd.ca\/fr\/#organization","name":"Association of Canadian Faculties of Dentistry","url":"https:\/\/acfd.ca\/fr\/","logo":{"@type":"ImageObject","inLanguage":"fr-FR","@id":"https:\/\/acfd.ca\/fr\/#\/schema\/logo\/image\/","url":"https:\/\/acfd.ca\/wp-content\/uploads\/ACFD-Logo-E-2x.png","contentUrl":"https:\/\/acfd.ca\/wp-content\/uploads\/ACFD-Logo-E-2x.png","width":570,"height":160,"caption":"Association of Canadian Faculties of Dentistry"},"image":{"@id":"https:\/\/acfd.ca\/fr\/#\/schema\/logo\/image\/"}}]}},"_links":{"self":[{"href":"https:\/\/acfd.ca\/fr\/wp-json\/wp\/v2\/pages\/248","targetHints":{"allow":["GET"]}}],"collection":[{"href":"https:\/\/acfd.ca\/fr\/wp-json\/wp\/v2\/pages"}],"about":[{"href":"https:\/\/acfd.ca\/fr\/wp-json\/wp\/v2\/types\/page"}],"author":[{"embeddable":true,"href":"https:\/\/acfd.ca\/fr\/wp-json\/wp\/v2\/users\/2"}],"replies":[{"embeddable":true,"href":"https:\/\/acfd.ca\/fr\/wp-json\/wp\/v2\/comments?post=248"}],"version-history":[{"count":0,"href":"https:\/\/acfd.ca\/fr\/wp-json\/wp\/v2\/pages\/248\/revisions"}],"up":[{"embeddable":true,"href":"https:\/\/acfd.ca\/fr\/wp-json\/wp\/v2\/pages\/246"}],"wp:attachment":[{"href":"https:\/\/acfd.ca\/fr\/wp-json\/wp\/v2\/media?parent=248"}],"curies":[{"name":"wp","href":"https:\/\/api.w.org\/{rel}","templated":true}]}}