{"id":251,"date":"2024-12-24T17:45:35","date_gmt":"2024-12-24T23:45:35","guid":{"rendered":"https:\/\/acfd.ca\/demande-en-ligne\/"},"modified":"2026-03-01T23:34:54","modified_gmt":"2026-03-02T05:34:54","slug":"demande-en-ligne","status":"publish","type":"page","link":"https:\/\/acfd.ca\/fr\/programmes-de-formation\/programme-fppdc\/demande-en-ligne\/","title":{"rendered":"Demande en ligne"},"content":{"rendered":"[vc_row type=&#8221;in_container&#8221; full_screen_row_position=&#8221;middle&#8221; column_margin=&#8221;default&#8221; column_direction=&#8221;default&#8221; column_direction_tablet=&#8221;default&#8221; column_direction_phone=&#8221;default&#8221; scene_position=&#8221;center&#8221; top_padding=&#8221;0&#8243; bottom_padding=&#8221;0&#8243; top_padding_tablet=&#8221;0&#8243; bottom_padding_tablet=&#8221;0&#8243; top_padding_phone=&#8221;0&#8243; bottom_padding_phone=&#8221;0&#8243; top_margin=&#8221;0&#8243; bottom_margin=&#8221;0&#8243; top_margin_tablet=&#8221;0&#8243; bottom_margin_tablet=&#8221;0&#8243; top_margin_phone=&#8221;0&#8243; bottom_margin_phone=&#8221;0&#8243; text_color=&#8221;dark&#8221; text_align=&#8221;left&#8221; row_border_radius=&#8221;none&#8221; row_border_radius_applies=&#8221;bg&#8221; row_position_desktop=&#8221;default&#8221; row_position_tablet=&#8221;inherit&#8221; row_position_phone=&#8221;inherit&#8221; overflow=&#8221;visible&#8221; overlay_strength=&#8221;0.3&#8243; gradient_direction=&#8221;left_to_right&#8221; shape_divider_position=&#8221;bottom&#8221; bg_image_animation=&#8221;none&#8221; gradient_type=&#8221;default&#8221; shape_type=&#8221;&#8221;][vc_column column_padding=&#8221;no-extra-padding&#8221; column_padding_tablet=&#8221;inherit&#8221; column_padding_phone=&#8221;inherit&#8221; column_padding_position=&#8221;all&#8221; top_margin=&#8221;0&#8243; bottom_margin=&#8221;0&#8243; left_margin=&#8221;0&#8243; right_margin=&#8221;0&#8243; top_margin_tablet=&#8221;0&#8243; bottom_margin_tablet=&#8221;0&#8243; left_margin_tablet=&#8221;0&#8243; right_margin_tablet=&#8221;0&#8243; top_margin_phone=&#8221;0&#8243; bottom_margin_phone=&#8221;0&#8243; left_margin_phone=&#8221;0&#8243; right_margin_phone=&#8221;0&#8243; flex_gap_desktop=&#8221;10px&#8221; column_element_direction_desktop=&#8221;default&#8221; column_element_spacing=&#8221;0px&#8221; desktop_text_alignment=&#8221;default&#8221; tablet_text_alignment=&#8221;default&#8221; phone_text_alignment=&#8221;default&#8221; background_color_opacity=&#8221;1&#8243; background_hover_color_opacity=&#8221;1&#8243; column_backdrop_filter=&#8221;none&#8221; column_shadow=&#8221;none&#8221; column_border_radius=&#8221;none&#8221; column_link_target=&#8221;_self&#8221; column_position=&#8221;default&#8221; gradient_direction=&#8221;left_to_right&#8221; overlay_strength=&#8221;0.3&#8243; width=&#8221;1\/1&#8243; tablet_width_inherit=&#8221;default&#8221; animation_type=&#8221;default&#8221; bg_image_animation=&#8221;none&#8221; border_type=&#8221;simple&#8221; column_border_width=&#8221;none&#8221; column_border_style=&#8221;solid&#8221; column_padding_type=&#8221;default&#8221; gradient_type=&#8221;default&#8221;][image_with_animation image_url=&#8221;79&#8243; image_size=&#8221;full&#8221; max_width=&#8221;100%&#8221; max_width_mobile=&#8221;default&#8221; animation_type=&#8221;entrance&#8221; animation=&#8221;None&#8221; animation_movement_type=&#8221;transform_y&#8221; hover_animation=&#8221;none&#8221; constrain_group_3=&#8221;yes&#8221; constrain_group_4=&#8221;yes&#8221; constrain_group_5=&#8221;yes&#8221; constrain_group_6=&#8221;yes&#8221; alignment=&#8221;center&#8221; border_radius=&#8221;none&#8221; box_shadow=&#8221;none&#8221; image_loading=&#8221;default&#8221; margin_top=&#8221;0&#8243; margin_bottom=&#8221;0&#8243; margin_left=&#8221;0&#8243; margin_right=&#8221;0&#8243; margin_top_tablet=&#8221;0&#8243; margin_bottom_tablet=&#8221;0&#8243; margin_left_tablet=&#8221;0&#8243; margin_right_tablet=&#8221;0&#8243; margin_top_phone=&#8221;0&#8243; margin_bottom_phone=&#8221;0&#8243; margin_left_phone=&#8221;0&#8243;][vc_row_inner equal_height=&#8221;yes&#8221; content_placement=&#8221;middle&#8221; column_margin=&#8221;none&#8221; column_direction=&#8221;default&#8221; column_direction_tablet=&#8221;default&#8221; column_direction_phone=&#8221;default&#8221; top_padding=&#8221;0&#8243; bottom_padding=&#8221;0&#8243; left_padding_desktop=&#8221;0&#8243; right_padding_desktop=&#8221;0&#8243; top_padding_tablet=&#8221;0&#8243; bottom_padding_tablet=&#8221;0&#8243; left_padding_tablet=&#8221;0&#8243; right_padding_tablet=&#8221;0&#8243; top_padding_phone=&#8221;0&#8243; bottom_padding_phone=&#8221;0&#8243; left_padding_phone=&#8221;0&#8243; right_padding_phone=&#8221;0&#8243; text_align=&#8221;left&#8221; row_position=&#8221;default&#8221; row_position_tablet=&#8221;inherit&#8221; row_position_phone=&#8221;inherit&#8221; overflow=&#8221;visible&#8221; pointer_events=&#8221;all&#8221; css=&#8221;.vc_custom_1734370732416{background-color: #704264 !important;}&#8221;][vc_column_inner top_padding_desktop=&#8221;0&#8243; bottom_padding_desktop=&#8221;0&#8243; left_padding_desktop=&#8221;90px&#8221; right_padding_desktop=&#8221;0&#8243; top_padding_tablet=&#8221;0&#8243; bottom_padding_tablet=&#8221;0&#8243; left_padding_tablet=&#8221;90px&#8221; right_padding_tablet=&#8221;90px&#8221; top_padding_phone=&#8221;0&#8243; bottom_padding_phone=&#8221;0&#8243; left_padding_phone=&#8221;30px&#8221; constrain_group_105=&#8221;yes&#8221; right_padding_phone=&#8221;30px&#8221; top_margin=&#8221;0&#8243; bottom_margin=&#8221;0&#8243; left_margin=&#8221;0&#8243; right_margin=&#8221;0&#8243; flex_gap_desktop=&#8221;10px&#8221; column_element_direction_desktop=&#8221;default&#8221; column_element_spacing=&#8221;default&#8221; desktop_text_alignment=&#8221;default&#8221; tablet_text_alignment=&#8221;default&#8221; phone_text_alignment=&#8221;default&#8221; background_color_opacity=&#8221;1&#8243; background_hover_color_opacity=&#8221;1&#8243; column_backdrop_filter=&#8221;none&#8221; font_color=&#8221;#ffffff&#8221; column_shadow=&#8221;none&#8221; column_border_radius=&#8221;none&#8221; column_link_target=&#8221;_self&#8221; overflow=&#8221;visible&#8221; gradient_direction=&#8221;left_to_right&#8221; overlay_strength=&#8221;0.3&#8243; width=&#8221;1\/1&#8243; tablet_width_inherit=&#8221;default&#8221; animation_type=&#8221;default&#8221; bg_image_animation=&#8221;none&#8221; border_type=&#8221;simple&#8221; column_border_width=&#8221;none&#8221; column_border_style=&#8221;solid&#8221; column_padding_type=&#8221;advanced&#8221; gradient_type=&#8221;default&#8221;][vc_column_text css=&#8221;&#8221; el_class=&#8221;acfd-page-title&#8221; text_direction=&#8221;default&#8221;]Programmes de formation : Programme FPPDC<\/p>\n<h4>Demande en ligne<\/h4>\n[\/vc_column_text][\/vc_column_inner][\/vc_row_inner][image_with_animation image_url=&#8221;78&#8243; image_size=&#8221;full&#8221; max_width=&#8221;100%&#8221; max_width_mobile=&#8221;default&#8221; animation_type=&#8221;entrance&#8221; animation=&#8221;None&#8221; animation_movement_type=&#8221;transform_y&#8221; hover_animation=&#8221;none&#8221; alignment=&#8221;center&#8221; border_radius=&#8221;none&#8221; box_shadow=&#8221;none&#8221; image_loading=&#8221;default&#8221; margin_top=&#8221;0&#8243; margin_bottom=&#8221;0&#8243; margin_left=&#8221;0&#8243; margin_right=&#8221;0&#8243;][\/vc_column][\/vc_row][vc_row type=&#8221;in_container&#8221; full_screen_row_position=&#8221;middle&#8221; column_margin=&#8221;80px&#8221; column_direction=&#8221;default&#8221; column_direction_tablet=&#8221;default&#8221; column_direction_phone=&#8221;column_reverse&#8221; scene_position=&#8221;center&#8221; top_margin=&#8221;80px&#8221; text_color=&#8221;dark&#8221; text_align=&#8221;left&#8221; row_border_radius=&#8221;none&#8221; row_border_radius_applies=&#8221;bg&#8221; row_position_desktop=&#8221;default&#8221; row_position_tablet=&#8221;inherit&#8221; row_position_phone=&#8221;inherit&#8221; overflow=&#8221;visible&#8221; class=&#8221;acfd-main-content&#8221; overlay_strength=&#8221;0.3&#8243; gradient_direction=&#8221;left_to_right&#8221; shape_divider_position=&#8221;bottom&#8221; bg_image_animation=&#8221;none&#8221; gradient_type=&#8221;default&#8221; shape_type=&#8221;&#8221;][vc_column column_padding=&#8221;no-extra-padding&#8221; column_padding_tablet=&#8221;inherit&#8221; column_padding_phone=&#8221;inherit&#8221; column_padding_position=&#8221;all&#8221; flex_gap_desktop=&#8221;10px&#8221; column_element_direction_desktop=&#8221;default&#8221; column_element_spacing=&#8221;default&#8221; desktop_text_alignment=&#8221;default&#8221; tablet_text_alignment=&#8221;default&#8221; phone_text_alignment=&#8221;default&#8221; background_color_opacity=&#8221;1&#8243; background_hover_color_opacity=&#8221;1&#8243; column_backdrop_filter=&#8221;none&#8221; column_shadow=&#8221;none&#8221; column_border_radius=&#8221;none&#8221; column_link_target=&#8221;_self&#8221; column_position=&#8221;default&#8221; gradient_direction=&#8221;left_to_right&#8221; overlay_strength=&#8221;0.3&#8243; width=&#8221;2\/3&#8243; tablet_width_inherit=&#8221;default&#8221; animation_type=&#8221;default&#8221; bg_image_animation=&#8221;none&#8221; border_type=&#8221;simple&#8221; column_border_width=&#8221;none&#8221; column_border_style=&#8221;solid&#8221;][vc_column_text css=&#8221;&#8221; text_direction=&#8221;default&#8221; max_width=&#8221;1200&#8243;]\n<h1>Les candidatures pour la deuxi\u00e8me promotion ont cl\u00f4tur\u00e9es le 28 f\u00e9vrier 2026. <a href=\"https:\/\/acfd.ca\/fr\/programmes-de-formation\/programme-fppdc\/liste-de-diffusion\/\">Inscrivez-vous \u00e0 notre liste de diffusion<\/a> pour \u00eatre inform\u00e9 des prochaines dates de candidature.<\/h1>\n<p><strong>Ouverture :<\/strong> 22 janvier 2026<br \/>\n<strong>Date limite :<\/strong> 28 f\u00e9vrier 2026, 23h59 EST<\/p>\n<p>Avant de poser votre candidature, veuillez noter<\/p>\n<ul>\n<li aria-level=\"1\">Il vous suffit de poser votre candidature une seule fois pour \u00eatre pris en consid\u00e9ration par les trois \u00e9coles.<\/li>\n<li aria-level=\"1\">Vous devez remplir toutes les <a href=\"https:\/\/acfd.ca\/fr\/programmes-de-formation\/programme-fppdc\/processus-dadmission\/\">conditions d&#8217;admissibilit\u00e9 et les conditions minimales d&#8217;admission.<\/a><\/li>\n<li aria-level=\"1\">Pour \u00eatre examin\u00e9es, les demandes doivent \u00eatre compl\u00e8tes et soumises en une seule fois.<\/li>\n<li aria-level=\"1\">Les d\u00e9cisions d&#8217;admission sont d\u00e9finitives. Il n&#8217;y a pas de recours formel aupr\u00e8s d&#8217;un autre organisme ou d&#8217;une autre personne.<\/li>\n<\/ul>\n[\/vc_column_text][\/vc_column][vc_column column_padding=&#8221;no-extra-padding&#8221; column_padding_tablet=&#8221;inherit&#8221; column_padding_phone=&#8221;inherit&#8221; column_padding_position=&#8221;all&#8221; flex_gap_desktop=&#8221;10px&#8221; column_element_direction_desktop=&#8221;default&#8221; column_element_spacing=&#8221;default&#8221; desktop_text_alignment=&#8221;default&#8221; tablet_text_alignment=&#8221;default&#8221; phone_text_alignment=&#8221;default&#8221; background_color_opacity=&#8221;1&#8243; background_hover_color_opacity=&#8221;1&#8243; column_backdrop_filter=&#8221;none&#8221; column_shadow=&#8221;none&#8221; column_border_radius=&#8221;none&#8221; column_link_target=&#8221;_self&#8221; column_position=&#8221;default&#8221; gradient_direction=&#8221;left_to_right&#8221; overlay_strength=&#8221;0.3&#8243; width=&#8221;1\/3&#8243; tablet_width_inherit=&#8221;default&#8221; animation_type=&#8221;default&#8221; bg_image_animation=&#8221;none&#8221; border_type=&#8221;simple&#8221; column_border_width=&#8221;none&#8221; column_border_style=&#8221;solid&#8221;][nectar_global_section id=&#8221;467&#8243;][\/vc_column][\/vc_row]\n","protected":false},"excerpt":{"rendered":"<p>[vc_row type=&#8221;in_container&#8221; full_screen_row_position=&#8221;middle&#8221; column_margin=&#8221;default&#8221; column_direction=&#8221;default&#8221; column_direction_tablet=&#8221;default&#8221; column_direction_phone=&#8221;default&#8221; scene_position=&#8221;center&#8221; top_padding=&#8221;0&#8243; bottom_padding=&#8221;0&#8243; top_padding_tablet=&#8221;0&#8243; bottom_padding_tablet=&#8221;0&#8243; top_padding_phone=&#8221;0&#8243; bottom_padding_phone=&#8221;0&#8243; top_margin=&#8221;0&#8243; bottom_margin=&#8221;0&#8243; top_margin_tablet=&#8221;0&#8243; bottom_margin_tablet=&#8221;0&#8243; top_margin_phone=&#8221;0&#8243; bottom_margin_phone=&#8221;0&#8243; text_color=&#8221;dark&#8221; text_align=&#8221;left&#8221; row_border_radius=&#8221;none&#8221; row_border_radius_applies=&#8221;bg&#8221; row_position_desktop=&#8221;default&#8221; row_position_tablet=&#8221;inherit&#8221; row_position_phone=&#8221;inherit&#8221; overflow=&#8221;visible&#8221; overlay_strength=&#8221;0.3&#8243; gradient_direction=&#8221;left_to_right&#8221; shape_divider_position=&#8221;bottom&#8221; bg_image_animation=&#8221;none&#8221; gradient_type=&#8221;default&#8221; shape_type=&#8221;&#8221;][vc_column column_padding=&#8221;no-extra-padding&#8221; column_padding_tablet=&#8221;inherit&#8221; column_padding_phone=&#8221;inherit&#8221; column_padding_position=&#8221;all&#8221; top_margin=&#8221;0&#8243; bottom_margin=&#8221;0&#8243; left_margin=&#8221;0&#8243; right_margin=&#8221;0&#8243; top_margin_tablet=&#8221;0&#8243; bottom_margin_tablet=&#8221;0&#8243; left_margin_tablet=&#8221;0&#8243; right_margin_tablet=&#8221;0&#8243; top_margin_phone=&#8221;0&#8243; bottom_margin_phone=&#8221;0&#8243; left_margin_phone=&#8221;0&#8243; right_margin_phone=&#8221;0&#8243; flex_gap_desktop=&#8221;10px&#8221; column_element_direction_desktop=&#8221;default&#8221; column_element_spacing=&#8221;0px&#8221; desktop_text_alignment=&#8221;default&#8221; tablet_text_alignment=&#8221;default&#8221; phone_text_alignment=&#8221;default&#8221; background_color_opacity=&#8221;1&#8243; background_hover_color_opacity=&#8221;1&#8243; column_backdrop_filter=&#8221;none&#8221; column_shadow=&#8221;none&#8221; column_border_radius=&#8221;none&#8221; column_link_target=&#8221;_self&#8221; column_position=&#8221;default&#8221; gradient_direction=&#8221;left_to_right&#8221; overlay_strength=&#8221;0.3&#8243; width=&#8221;1\/1&#8243; tablet_width_inherit=&#8221;default&#8221; animation_type=&#8221;default&#8221; bg_image_animation=&#8221;none&#8221; border_type=&#8221;simple&#8221; column_border_width=&#8221;none&#8221; column_border_style=&#8221;solid&#8221; column_padding_type=&#8221;default&#8221; gradient_type=&#8221;default&#8221;][image_with_animation image_url=&#8221;79&#8243; image_size=&#8221;full&#8221; max_width=&#8221;100%&#8221; max_width_mobile=&#8221;default&#8221; animation_type=&#8221;entrance&#8221; animation=&#8221;None&#8221; animation_movement_type=&#8221;transform_y&#8221; hover_animation=&#8221;none&#8221; constrain_group_3=&#8221;yes&#8221; constrain_group_4=&#8221;yes&#8221; constrain_group_5=&#8221;yes&#8221; constrain_group_6=&#8221;yes&#8221; alignment=&#8221;center&#8221; border_radius=&#8221;none&#8221; box_shadow=&#8221;none&#8221; image_loading=&#8221;default&#8221; margin_top=&#8221;0&#8243; margin_bottom=&#8221;0&#8243; margin_left=&#8221;0&#8243; margin_right=&#8221;0&#8243; margin_top_tablet=&#8221;0&#8243; margin_bottom_tablet=&#8221;0&#8243; margin_left_tablet=&#8221;0&#8243; margin_right_tablet=&#8221;0&#8243; margin_top_phone=&#8221;0&#8243; margin_bottom_phone=&#8221;0&#8243;&#8230;<\/p>\n","protected":false},"author":2,"featured_media":0,"parent":255,"menu_order":0,"comment_status":"closed","ping_status":"closed","template":"","meta":{"footnotes":""},"class_list":["post-251","page","type-page","status-publish"],"yoast_head":"<!-- This site is optimized with the Yoast SEO plugin v27.4 - https:\/\/yoast.com\/product\/yoast-seo-wordpress\/ -->\n<title>Candidature - Programme de formation relais \u00e0 la pratique dentaire au Canada - % ACFD %.<\/title>\n<meta name=\"description\" content=\"Posez votre candidature au programme BTDPC.\" \/>\n<meta name=\"robots\" content=\"index, follow, max-snippet:-1, max-image-preview:large, max-video-preview:-1\" \/>\n<link rel=\"canonical\" href=\"https:\/\/acfd.ca\/fr\/programmes-de-formation\/programme-fppdc\/demande-en-ligne\/\" \/>\n<meta property=\"og:locale\" content=\"fr_FR\" \/>\n<meta property=\"og:type\" content=\"article\" \/>\n<meta property=\"og:title\" content=\"Candidature - Programme de formation relais \u00e0 la pratique dentaire au Canada - % ACFD %.\" \/>\n<meta property=\"og:description\" content=\"Posez votre candidature au programme BTDPC.\" \/>\n<meta property=\"og:url\" content=\"https:\/\/acfd.ca\/fr\/programmes-de-formation\/programme-fppdc\/demande-en-ligne\/\" \/>\n<meta property=\"og:site_name\" content=\"ACFD\" \/>\n<meta property=\"article:modified_time\" content=\"2026-03-02T05:34:54+00:00\" \/>\n<meta name=\"twitter:card\" content=\"summary_large_image\" \/>\n<meta name=\"twitter:label1\" content=\"Est. reading time\" \/>\n\t<meta name=\"twitter:data1\" content=\"1 minute\" \/>\n<script type=\"application\/ld+json\" class=\"yoast-schema-graph\">{\"@context\":\"https:\\\/\\\/schema.org\",\"@graph\":[{\"@type\":\"WebPage\",\"@id\":\"https:\\\/\\\/acfd.ca\\\/fr\\\/programmes-de-formation\\\/programme-fppdc\\\/demande-en-ligne\\\/\",\"url\":\"https:\\\/\\\/acfd.ca\\\/fr\\\/programmes-de-formation\\\/programme-fppdc\\\/demande-en-ligne\\\/\",\"name\":\"Candidature - Programme de formation relais \u00e0 la pratique dentaire au Canada - % ACFD %.\",\"isPartOf\":{\"@id\":\"https:\\\/\\\/acfd.ca\\\/fr\\\/#website\"},\"datePublished\":\"2024-12-24T23:45:35+00:00\",\"dateModified\":\"2026-03-02T05:34:54+00:00\",\"description\":\"Posez votre candidature au programme BTDPC.\",\"breadcrumb\":{\"@id\":\"https:\\\/\\\/acfd.ca\\\/fr\\\/programmes-de-formation\\\/programme-fppdc\\\/demande-en-ligne\\\/#breadcrumb\"},\"inLanguage\":\"fr-FR\",\"potentialAction\":[{\"@type\":\"ReadAction\",\"target\":[\"https:\\\/\\\/acfd.ca\\\/fr\\\/programmes-de-formation\\\/programme-fppdc\\\/demande-en-ligne\\\/\"]}]},{\"@type\":\"BreadcrumbList\",\"@id\":\"https:\\\/\\\/acfd.ca\\\/fr\\\/programmes-de-formation\\\/programme-fppdc\\\/demande-en-ligne\\\/#breadcrumb\",\"itemListElement\":[{\"@type\":\"ListItem\",\"position\":1,\"name\":\"Home\",\"item\":\"https:\\\/\\\/acfd.ca\\\/fr\\\/accueil\\\/\"},{\"@type\":\"ListItem\",\"position\":2,\"name\":\"Programmes de formation\",\"item\":\"https:\\\/\\\/acfd.ca\\\/fr\\\/programmes-de-formation\\\/\"},{\"@type\":\"ListItem\",\"position\":3,\"name\":\"Programme FPPDC\",\"item\":\"https:\\\/\\\/acfd.ca\\\/fr\\\/programmes-de-formation\\\/programme-fppdc\\\/\"},{\"@type\":\"ListItem\",\"position\":4,\"name\":\"Demande en ligne\"}]},{\"@type\":\"WebSite\",\"@id\":\"https:\\\/\\\/acfd.ca\\\/fr\\\/#website\",\"url\":\"https:\\\/\\\/acfd.ca\\\/fr\\\/\",\"name\":\"ACFD\",\"description\":\"Association of Canadian Faculties of Dentistry\",\"publisher\":{\"@id\":\"https:\\\/\\\/acfd.ca\\\/fr\\\/#organization\"},\"potentialAction\":[{\"@type\":\"SearchAction\",\"target\":{\"@type\":\"EntryPoint\",\"urlTemplate\":\"https:\\\/\\\/acfd.ca\\\/fr\\\/?s={search_term_string}\"},\"query-input\":{\"@type\":\"PropertyValueSpecification\",\"valueRequired\":true,\"valueName\":\"search_term_string\"}}],\"inLanguage\":\"fr-FR\"},{\"@type\":\"Organization\",\"@id\":\"https:\\\/\\\/acfd.ca\\\/fr\\\/#organization\",\"name\":\"Association of Canadian Faculties of Dentistry\",\"url\":\"https:\\\/\\\/acfd.ca\\\/fr\\\/\",\"logo\":{\"@type\":\"ImageObject\",\"inLanguage\":\"fr-FR\",\"@id\":\"https:\\\/\\\/acfd.ca\\\/fr\\\/#\\\/schema\\\/logo\\\/image\\\/\",\"url\":\"https:\\\/\\\/acfd.ca\\\/wp-content\\\/uploads\\\/ACFD-Logo-E-2x.png\",\"contentUrl\":\"https:\\\/\\\/acfd.ca\\\/wp-content\\\/uploads\\\/ACFD-Logo-E-2x.png\",\"width\":570,\"height\":160,\"caption\":\"Association of Canadian Faculties of Dentistry\"},\"image\":{\"@id\":\"https:\\\/\\\/acfd.ca\\\/fr\\\/#\\\/schema\\\/logo\\\/image\\\/\"}}]}<\/script>\n<!-- \/ Yoast SEO plugin. -->","yoast_head_json":{"title":"Candidature - Programme de formation relais \u00e0 la pratique dentaire au Canada - % ACFD %.","description":"Posez votre candidature au programme BTDPC.","robots":{"index":"index","follow":"follow","max-snippet":"max-snippet:-1","max-image-preview":"max-image-preview:large","max-video-preview":"max-video-preview:-1"},"canonical":"https:\/\/acfd.ca\/fr\/programmes-de-formation\/programme-fppdc\/demande-en-ligne\/","og_locale":"fr_FR","og_type":"article","og_title":"Candidature - Programme de formation relais \u00e0 la pratique dentaire au Canada - % ACFD %.","og_description":"Posez votre candidature au programme BTDPC.","og_url":"https:\/\/acfd.ca\/fr\/programmes-de-formation\/programme-fppdc\/demande-en-ligne\/","og_site_name":"ACFD","article_modified_time":"2026-03-02T05:34:54+00:00","twitter_card":"summary_large_image","twitter_misc":{"Est. reading time":"1 minute"},"schema":{"@context":"https:\/\/schema.org","@graph":[{"@type":"WebPage","@id":"https:\/\/acfd.ca\/fr\/programmes-de-formation\/programme-fppdc\/demande-en-ligne\/","url":"https:\/\/acfd.ca\/fr\/programmes-de-formation\/programme-fppdc\/demande-en-ligne\/","name":"Candidature - Programme de formation relais \u00e0 la pratique dentaire au Canada - % ACFD %.","isPartOf":{"@id":"https:\/\/acfd.ca\/fr\/#website"},"datePublished":"2024-12-24T23:45:35+00:00","dateModified":"2026-03-02T05:34:54+00:00","description":"Posez votre candidature au programme BTDPC.","breadcrumb":{"@id":"https:\/\/acfd.ca\/fr\/programmes-de-formation\/programme-fppdc\/demande-en-ligne\/#breadcrumb"},"inLanguage":"fr-FR","potentialAction":[{"@type":"ReadAction","target":["https:\/\/acfd.ca\/fr\/programmes-de-formation\/programme-fppdc\/demande-en-ligne\/"]}]},{"@type":"BreadcrumbList","@id":"https:\/\/acfd.ca\/fr\/programmes-de-formation\/programme-fppdc\/demande-en-ligne\/#breadcrumb","itemListElement":[{"@type":"ListItem","position":1,"name":"Home","item":"https:\/\/acfd.ca\/fr\/accueil\/"},{"@type":"ListItem","position":2,"name":"Programmes de formation","item":"https:\/\/acfd.ca\/fr\/programmes-de-formation\/"},{"@type":"ListItem","position":3,"name":"Programme FPPDC","item":"https:\/\/acfd.ca\/fr\/programmes-de-formation\/programme-fppdc\/"},{"@type":"ListItem","position":4,"name":"Demande en ligne"}]},{"@type":"WebSite","@id":"https:\/\/acfd.ca\/fr\/#website","url":"https:\/\/acfd.ca\/fr\/","name":"ACFD","description":"Association of Canadian Faculties of Dentistry","publisher":{"@id":"https:\/\/acfd.ca\/fr\/#organization"},"potentialAction":[{"@type":"SearchAction","target":{"@type":"EntryPoint","urlTemplate":"https:\/\/acfd.ca\/fr\/?s={search_term_string}"},"query-input":{"@type":"PropertyValueSpecification","valueRequired":true,"valueName":"search_term_string"}}],"inLanguage":"fr-FR"},{"@type":"Organization","@id":"https:\/\/acfd.ca\/fr\/#organization","name":"Association of Canadian Faculties of Dentistry","url":"https:\/\/acfd.ca\/fr\/","logo":{"@type":"ImageObject","inLanguage":"fr-FR","@id":"https:\/\/acfd.ca\/fr\/#\/schema\/logo\/image\/","url":"https:\/\/acfd.ca\/wp-content\/uploads\/ACFD-Logo-E-2x.png","contentUrl":"https:\/\/acfd.ca\/wp-content\/uploads\/ACFD-Logo-E-2x.png","width":570,"height":160,"caption":"Association of Canadian Faculties of Dentistry"},"image":{"@id":"https:\/\/acfd.ca\/fr\/#\/schema\/logo\/image\/"}}]}},"_links":{"self":[{"href":"https:\/\/acfd.ca\/fr\/wp-json\/wp\/v2\/pages\/251","targetHints":{"allow":["GET"]}}],"collection":[{"href":"https:\/\/acfd.ca\/fr\/wp-json\/wp\/v2\/pages"}],"about":[{"href":"https:\/\/acfd.ca\/fr\/wp-json\/wp\/v2\/types\/page"}],"author":[{"embeddable":true,"href":"https:\/\/acfd.ca\/fr\/wp-json\/wp\/v2\/users\/2"}],"replies":[{"embeddable":true,"href":"https:\/\/acfd.ca\/fr\/wp-json\/wp\/v2\/comments?post=251"}],"version-history":[{"count":0,"href":"https:\/\/acfd.ca\/fr\/wp-json\/wp\/v2\/pages\/251\/revisions"}],"up":[{"embeddable":true,"href":"https:\/\/acfd.ca\/fr\/wp-json\/wp\/v2\/pages\/255"}],"wp:attachment":[{"href":"https:\/\/acfd.ca\/fr\/wp-json\/wp\/v2\/media?parent=251"}],"curies":[{"name":"wp","href":"https:\/\/api.w.org\/{rel}","templated":true}]}}